{"id":332,"date":"2023-12-06T19:47:51","date_gmt":"2023-12-06T16:47:51","guid":{"rendered":"https:\/\/starlight-princess.top\/?page_id=332"},"modified":"2025-10-21T15:58:11","modified_gmt":"2025-10-21T12:58:11","slug":"starlight-princess-obzor-slota","status":"publish","type":"page","link":"https:\/\/starlight-princess.top\/tr\/","title":{"rendered":"Starlight Princess - slot incelemesi"},"content":{"rendered":"<h2 class=\"wp-block-heading\" id=\"%25d0%25be%25d0%25bf%25d0%25b8%25d1%2581%25d0%25b0%25d0%25bd%25d0%25b8%25d0%25b5-%25d1%2581%25d0%25bb%25d0%25be%25d1%2582%25d0%25b0\">Yuva a\u00e7\u0131klamas\u0131<\/h2>\n\n\n<p>Starlight Princess, Pragmatic Play taraf\u0131ndan 2021&#039;de piyasaya s\u00fcr\u00fclen pop\u00fcler bir slottur. Basit kontrolleri, ilgi \u00e7ekici mekani\u011fi ve detayl\u0131 grafikleri ile casino m\u00fc\u015fterilerinin ve kumar tutkunlar\u0131n\u0131n ilgisini \u00e7ekmektedir. Starlight Princess&#039;in nas\u0131l oynanaca\u011f\u0131n\u0131 anlamak i\u00e7in makinenin \u00f6zelliklerini incelemeniz ve demo modunun yeteneklerini analiz etmeniz gerekir.<\/p>\n\n\n\n<div class=\"wp-block-buttons is-content-justification-center is-layout-flex wp-container-core-buttons-is-layout-16018d1d wp-block-buttons-is-layout-flex\">\n<div class=\"wp-block-button\"><a class=\"wp-block-button__link wp-element-button\" href=\"https:\/\/1whmrh.life\/casino\/play\/pragmatic_vs20starlight\/demo?open=register&amp;sub1=princess\"><strong>Starlight Princess oyna<\/strong><\/a><\/div>\n<\/div>\n\n\n<div class=\"wp-block-image\">\n<figure class=\"aligncenter size-full\"><img loading=\"lazy\" decoding=\"async\" width=\"928\" height=\"458\" src=\"https:\/\/starlight-princess.top\/wp-content\/uploads\/2023\/12\/starlight-princess-min.jpg\" alt=\"\" class=\"wp-image-339\" srcset=\"https:\/\/starlight-princess.top\/wp-content\/uploads\/2023\/12\/starlight-princess-min.jpg 928w, https:\/\/starlight-princess.top\/wp-content\/uploads\/2023\/12\/starlight-princess-min-300x148.jpg 300w, https:\/\/starlight-princess.top\/wp-content\/uploads\/2023\/12\/starlight-princess-min-768x379.jpg 768w, https:\/\/starlight-princess.top\/wp-content\/uploads\/2023\/12\/starlight-princess-min-18x9.jpg 18w\" sizes=\"auto, (max-width: 928px) 100vw, 928px\" \/><\/figure>\n<\/div>\n\n\n<p>Starlight Princess&#039;in k\u0131sa \u00f6zellikleri:<\/p>\n\n\n\n<ul class=\"wp-block-list\">\n<li>makara say\u0131s\u0131 \u2013 6;<\/li>\n\n\n\n<li>aktif hat say\u0131s\u0131 \u2013 20;<\/li>\n\n\n\n<li>oynakl\u0131k \u2013 y\u00fcksek;<\/li>\n\n\n\n<li>RTP-96%;<\/li>\n\n\n\n<li>bonus turlar\u0131 \u2013 evet;<\/li>\n\n\n\n<li>maksimum bahis \u00e7arpan\u0131 \u2013 5000x;<\/li>\n\n\n\n<li>demo s\u00fcr\u00fcm\u00fc mevcuttur.<\/li>\n<\/ul>\n\n\n\n<p>Oyunda \u00f6zel semboller yok ancak bedava d\u00f6nd\u00fcrmeleri etkinle\u015ftirmenizi sa\u011flayan bir resim var. Slotun \u00f6zelliklerinden biri, 8 veya daha fazla ayn\u0131 sembol\u00fcn sahan\u0131n neresinde g\u00f6r\u00fcnd\u00fc\u011f\u00fcnden ba\u011f\u0131ms\u0131z olarak kazan\u00e7 alman\u0131z\u0131 sa\u011flayan Anywhere Pay mekani\u011fidir.<\/p>\n\n\n<div class=\"wp-block-image\">\n<figure class=\"aligncenter size-large is-resized\"><img loading=\"lazy\" decoding=\"async\" width=\"1024\" height=\"576\" src=\"https:\/\/starlight-princess.top\/wp-content\/uploads\/2023\/12\/maxresdefault-1-min-1024x576.jpg\" alt=\"Y\u0131ld\u0131z I\u015f\u0131\u011f\u0131 Prensesi\" class=\"wp-image-338\" style=\"width:697px;height:auto\" srcset=\"https:\/\/starlight-princess.top\/wp-content\/uploads\/2023\/12\/maxresdefault-1-min-1024x576.jpg 1024w, https:\/\/starlight-princess.top\/wp-content\/uploads\/2023\/12\/maxresdefault-1-min-300x169.jpg 300w, https:\/\/starlight-princess.top\/wp-content\/uploads\/2023\/12\/maxresdefault-1-min-768x432.jpg 768w, https:\/\/starlight-princess.top\/wp-content\/uploads\/2023\/12\/maxresdefault-1-min-18x10.jpg 18w, https:\/\/starlight-princess.top\/wp-content\/uploads\/2023\/12\/maxresdefault-1-min.jpg 1280w\" sizes=\"auto, (max-width: 1024px) 100vw, 1024px\" \/><\/figure>\n<\/div>\n\n\n<p>Starlight Princess, 96.50% RTP&#039;ye sahip y\u00fcksek esnekli\u011fe sahip bir slottur. D\u00f6nd\u00fcrme ba\u015f\u0131na 0,20 CAD ila 100 CAD aras\u0131nda herhangi bir yerde bahis oynayabilirsiniz ve t\u00fcm semboller alt\u0131 silindirli, be\u015f s\u0131ral\u0131 aray\u00fcz\u00fcn herhangi bir yerinde \u00f6deme yapabilece\u011finden \u00f6deme hatlar\u0131 konusunda endi\u015felenmenize gerek yoktur.<\/p>\n\n\n\n<p>Y\u00fcksek \u00f6deme oran\u0131 oyuncunun kazanma \u015fans\u0131n\u0131 art\u0131r\u0131r. Bu durumda, kullan\u0131c\u0131 bir d\u00f6nd\u00fcrme kar\u015f\u0131l\u0131\u011f\u0131nda birden fazla \u00f6d\u00fcl kombinasyonu elde edebilir.<\/p>\n\n\n\n<div class=\"wp-block-buttons is-content-justification-center is-layout-flex wp-container-core-buttons-is-layout-16018d1d wp-block-buttons-is-layout-flex\">\n<div class=\"wp-block-button\"><a class=\"wp-block-button__link wp-element-button\" href=\"https:\/\/1whmrh.life\/casino\/play\/pragmatic_vs20starlight\/demo?open=register&amp;sub1=princess\"><strong>Starlight Princess oyna<\/strong><\/a><\/div>\n<\/div>\n\n\n<h2 class=\"wp-block-heading\" id=\"%25d0%25be%25d1%2584%25d0%25be%25d1%2580%25d0%25bc%25d0%25bb%25d0%25b5%25d0%25bd%25d0%25b8%25d0%25b5-%25d0%25b8-%25d0%25b3%25d0%25b5%25d0%25b9%25d0%25bc%25d0%25bf%25d0%25bb%25d0%25b5%25d0%25b9-starlight-princess\">Starlight Princess&#039;in tasar\u0131m\u0131 ve oynan\u0131\u015f\u0131<\/h2>\n\n\n<p>Starlight Princess slotunun g\u00f6rsel tasar\u0131m\u0131 parlak ve \u015f\u0131kt\u0131r, oyun \u0131zgaras\u0131 mavi ve beyaz renklerin a\u011f\u0131rl\u0131kl\u0131 oldu\u011fu renklidir. Tasar\u0131m, bulutlu mavi bir g\u00f6ky\u00fcz\u00fc, y\u0131ld\u0131zlar, kale benzeri kuleler ve g\u00fcn \u0131\u015f\u0131\u011f\u0131n\u0131n gizledi\u011fi bir ay\u0131 i\u00e7erir ancak bunlarla s\u0131n\u0131rl\u0131 de\u011fildir.<\/p>\n\n\n\n<p>Izgaran\u0131n sol taraf\u0131nda, mevcut basamakl\u0131 galibiyet serisini g\u00f6steren bir kutuyu g\u00f6rebilirsiniz ve oyun \u0131zgaras\u0131n\u0131n sa\u011f taraf\u0131nda, sevimli, geni\u015f g\u00f6zl\u00fc, k\u0131z\u0131l sa\u00e7l\u0131, yukar\u0131 a\u015fa\u011f\u0131, a\u015fa\u011f\u0131 ve yukar\u0131 s\u00fcz\u00fclen bir prenses g\u00f6rebilirsiniz. elinde melek kanatlar\u0131 ve sihirli bir de\u011fnek var.<\/p>\n\n\n\n<p>Oyundaki aksiyonlara, zafere yakla\u015ft\u0131k\u00e7a daha da yo\u011funla\u015fan, y\u00fcrek par\u00e7alayan \u00e7\u0131\u011fl\u0131klar\u0131 e\u015flik ediyor.<\/p>\n\n\n<h2 class=\"wp-block-heading\" id=\"%25d0%25ba%25d0%25b0%25d0%25ba-%25d0%25b8%25d0%25b3%25d1%2580%25d0%25b0%25d1%2582%25d1%258c-%25d0%25b2-starlight-princess\">Y\u0131ld\u0131z I\u015f\u0131\u011f\u0131 Prensesi nas\u0131l oynan\u0131r?<\/h2>\n\n\n<p>\u00c7e\u015fitli kristaller ve de\u011ferli ta\u015flar zarif semboller olarak hizmet eder:<\/p>\n\n\n\n<ul class=\"wp-block-list\">\n<li>G\u00fcne\u015f \u015feklindeki g\u00fcne\u015f toplam bahsin 50 kat\u0131na kadar \u00f6deme yapar<\/li>\n\n\n\n<li>Pink Heart toplam bahsin 25 kat\u0131na kadar \u00f6deme yapar<\/li>\n\n\n\n<li>Ay - 15x&#039;e kadar<\/li>\n\n\n\n<li>Y\u0131ld\u0131z \u2013 12 kat\u0131na kadar<\/li>\n\n\n\n<li>K\u0131rm\u0131z\u0131 kalp sembolleri 10 kat\u0131na kadar kazan\u00e7 sa\u011flar<\/li>\n\n\n\n<li>Mavi \u0130nci - 8x&#039;e kadar<\/li>\n\n\n\n<li>Ye\u015fil \u2013 5 kata kadar<\/li>\n\n\n\n<li>Turkuaz - 4x&#039;e kadar ve<\/li>\n\n\n\n<li>sar\u0131 - 2x&#039;e kadar.<\/li>\n<\/ul>\n\n\n\n<p>Scatter sembolleri bir prensesi temsil eder ve alt\u0131 sembol bulursan\u0131z toplam bahsinizin 100 kat\u0131na kadar \u00f6d\u00fcl verir. Bu da\u011f\u0131l\u0131m bedava d\u00f6n\u00fc\u015flerin kayna\u011f\u0131d\u0131r<\/p>\n\n\n<h2 class=\"wp-block-heading\" id=\"%25d0%25b1%25d0%25b5%25d1%2581%25d0%25bf%25d0%25bb%25d0%25b0%25d1%2582%25d0%25bd%25d1%258b%25d0%25b5-%25d0%25b2%25d1%2580%25d0%25b0%25d1%2589%25d0%25b5%25d0%25bd%25d0%25b8%25d1%258f-starlight-princess\">Starlight Prenses \u00dccretsiz D\u00f6nd\u00fcrme<\/h2>\n\n\n<p>\u00dccretsiz D\u00f6nd\u00fcrmeler, oyunda 4 scatter ile tetiklenir ve bunlar\u0131n inmesi, Starlight Princess bonusu olarak 15 bedava d\u00f6nd\u00fcrme kazanman\u0131zla sonu\u00e7lan\u0131r. \u00dccretsiz d\u00f6nd\u00fcrmeler s\u0131ras\u0131nda \u00e7arpan sembol\u00fc belirirse ve d\u00f6nd\u00fcrme kazan\u00e7la sonu\u00e7lan\u0131rsa de\u011feri toplam \u00e7arpana eklenir.<\/p>\n\n\n\n<p>\u00dccretsiz d\u00f6n\u00fc\u015fler boyunca \u00e7arpan de\u011ferinizi art\u0131r\u0131n ve size biri kazan\u00e7 olabilecek be\u015f ek d\u00f6n\u00fc\u015f sa\u011flayacak 3 Scatter sayesinde yenilerini toplamaya \u00e7al\u0131\u015f\u0131n.<\/p>\n\n\n<h2 class=\"wp-block-heading\" id=\"%25d0%25ba%25d0%25b0%25d0%25ba-%25d0%25b2%25d1%258b%25d0%25b8%25d0%25b3%25d1%2580%25d0%25b0%25d1%2582%25d1%258c-%25d0%25b2-starlight-princess\">Starlight Princess&#039;te nas\u0131l kazan\u0131l\u0131r<\/h2>\n\n\n<p>Starlight Princess&#039;te daha s\u0131k kazanmak i\u00e7in \u00e7arpanlara ba\u011fl\u0131 kald\u0131\u011f\u0131n\u0131zdan emin olun. Free Spins, Takla \u00d6zelli\u011fi ve Ante Bahis \u00d6zelli\u011fi gibi \u00f6zelliklerin do\u011fru anla\u015f\u0131lmas\u0131 ve kullan\u0131lmas\u0131 durumunda maksimum kazan\u00e7 elde etmenizi sa\u011flayaca\u011f\u0131n\u0131 unutmay\u0131n.<\/p>\n\n\n\n<p>Bir oyuncu Takla \u00f6zelli\u011fi s\u0131ras\u0131nda kazanan bir kombinasyon elde ederek \u00f6deme ald\u0131\u011f\u0131nda, kalan t\u00fcm kazanan semboller oyun alan\u0131ndan kaybolacakt\u0131r.<\/p>\n\n\n\n<figure class=\"wp-block-image size-large\"><img loading=\"lazy\" decoding=\"async\" width=\"1024\" height=\"317\" src=\"https:\/\/starlight-princess.top\/wp-content\/uploads\/2023\/12\/image-min-1024x317.png\" alt=\"Starlight Princess nas\u0131l kazan\u0131l\u0131r\" class=\"wp-image-341\" srcset=\"https:\/\/starlight-princess.top\/wp-content\/uploads\/2023\/12\/image-min-1024x317.png 1024w, https:\/\/starlight-princess.top\/wp-content\/uploads\/2023\/12\/image-min-300x93.png 300w, https:\/\/starlight-princess.top\/wp-content\/uploads\/2023\/12\/image-min-768x238.png 768w, https:\/\/starlight-princess.top\/wp-content\/uploads\/2023\/12\/image-min-18x6.png 18w, https:\/\/starlight-princess.top\/wp-content\/uploads\/2023\/12\/image-min.png 1207w\" sizes=\"auto, (max-width: 1024px) 100vw, 1024px\" \/><\/figure>\n\n\n\n<p>Kalan normal semboller oyun tablosunun alt\u0131na d\u00fc\u015fecek ve \u00fcstteki bo\u015f konumlar daha y\u00fcksek de\u011ferli sembollerle doldurulacakt\u0131r. Zafer yakla\u015f\u0131ncaya kadar taklan\u0131n s\u0131n\u0131rs\u0131zca devam edece\u011fini unutmay\u0131n.<\/p>\n\n\n<h2 class=\"wp-block-heading\" id=\"%25d1%2587%25d0%25b0%25d1%2581%25d1%2582%25d0%25be-%25d0%25b7%25d0%25b0%25d0%25b4%25d0%25b0%25d0%25b2%25d0%25b0%25d0%25b5%25d0%25bc%25d1%258b%25d0%25b5-%25d0%25b2%25d0%25be%25d0%25bf%25d1%2580%25d0%25be%25d1%2581%25d1%258b-%25d0%25be-starlight-princess\">Starlight Princess hakk\u0131nda s\u0131k sorulan sorular<\/h2>\n\n\n<p><strong>&nbsp;Starlight Princess&#039;i \u00fccretsiz oynamak m\u00fcmk\u00fcn m\u00fc?<\/strong><\/p>\n\n\n\n<p>Evet, Clash of Slots web sitesi Starlight Princess&#039;i para yat\u0131rmadan oynaman\u0131za izin veriyor. Bunu yapmak i\u00e7in demo s\u00fcr\u00fcm\u00fcn\u00fc \u00e7al\u0131\u015ft\u0131rman\u0131z gerekecektir. Kay\u0131t veya finansal yat\u0131r\u0131m gerektirmez, kurallar\u0131 anlaman\u0131za veya kazan\u00e7 elde etmek i\u00e7in bir strateji geli\u015ftirmenize olanak tan\u0131r.<\/p>\n\n\n\n<p><strong>&nbsp;Starlight Princess slotunda ger\u00e7ek para kazanmak m\u00fcmk\u00fcn m\u00fc?<\/strong><\/p>\n\n\n\n<p>Evet, oyunun mevcut oldu\u011fu g\u00fcvenilir bir casinonun web sitesinde profil olu\u015fturduktan hemen sonra parayla oynamak m\u00fcmk\u00fcnd\u00fcr. Kullan\u0131c\u0131 hesab\u0131na para yat\u0131rd\u0131\u011f\u0131, oyuna ba\u015flad\u0131\u011f\u0131 ve bahis oynad\u0131\u011f\u0131 anda, ger\u00e7ek para kazanma \u015fans\u0131na sahip olacakt\u0131r.<\/p>\n\n\n\n<p>&nbsp;<strong>Starlight Princess&#039;i oynamak i\u00e7in en iyi yer neresi?<\/strong><\/p>\n\n\n\n<p>\u00dccretsiz oynamak i\u00e7in clansofslots.com platformunu veya istedi\u011finiz slota sahip herhangi bir casinonun web sitesini kullanabilirsiniz. \u0130lk se\u00e7enek, gelecekte ger\u00e7ek kazan\u00e7 elde etmeye devam etmeyi planlayanlar i\u00e7in en uygun olan\u0131d\u0131r.<\/p>\n\n\n\n<p>&nbsp;<strong>Cep telefonumda Starlight Princess oynayabilir miyim?<\/strong><\/p>\n\n\n\n<p>Evet, slot makinesi hem PC&#039;den hem de mobil cihazlardan oynanabilir. Yuva optimize edilmi\u015ftir ve ak\u0131ll\u0131 telefon ve tabletin boyutuna h\u0131zla uyum sa\u011flar.<\/p>\n\n\n\n<p>&nbsp;<strong>Starlight Princess slotunda nas\u0131l kazan\u0131l\u0131r?<\/strong><\/p>\n\n\n\n<p>Sa\u011flay\u0131c\u0131 Pragmatic Play sertifikal\u0131 ekipman \u00fcretiyor. Starlight Princess slotunun \u00e7al\u0131\u015fma prensibi rastgele say\u0131 \u00fcretecine dayanmaktad\u0131r. Bu nedenle kullan\u0131c\u0131n\u0131n kazanmas\u0131 gereken tek \u015fey \u015fanst\u0131r.<\/p>\n\n\n<h2 class=\"wp-block-heading\" id=\"%25d0%25b2%25d1%258b%25d0%25b2%25d0%25be%25d0%25b4\">\u00c7\u00f6z\u00fcm<\/h2>\n\n\n<p>Muhte\u015fem Starlight Princess slot makinesi oyuncuya dakikalarca heyecan ya\u015fatacak. Oynan\u0131\u015f basit ve anla\u015f\u0131l\u0131rd\u0131r ve kazan\u00e7lar b\u00fcy\u00fck ikramiyeler getirebilir.<\/p>","protected":false},"excerpt":{"rendered":"<p>Slotun a\u00e7\u0131klamas\u0131 Starlight Princess, Pragmatic Play taraf\u0131ndan 2021&#039;de piyasaya s\u00fcr\u00fclen pop\u00fcler bir slottur. Basit kontrolleri, ilgi \u00e7ekici mekani\u011fi ve detayl\u0131 grafikleri ile casino m\u00fc\u015fterilerinin ve kumar tutkunlar\u0131n\u0131n ilgisini \u00e7ekmektedir. Starlight Princess&#039;nin nas\u0131l oynanaca\u011f\u0131n\u0131 anlamak i\u00e7in makinenin \u00f6zelliklerini incelemeniz ve demo modunun yeteneklerini analiz etmeniz gerekir. Starlight Princess&#039;nin k\u0131sa \u00f6zellikleri: \u00d6zel karakterler\u2026<\/p>","protected":false},"author":1,"featured_media":0,"parent":0,"menu_order":0,"comment_status":"closed","ping_status":"closed","template":"","meta":{"_kad_post_transparent":"","_kad_post_title":"","_kad_post_layout":"","_kad_post_sidebar_id":"","_kad_post_content_style":"","_kad_post_vertical_padding":"","_kad_post_feature":"","_kad_post_feature_position":"","_kad_post_header":false,"_kad_post_footer":false,"footnotes":""},"class_list":["post-332","page","type-page","status-publish","hentry"],"aioseo_notices":[],"_links":{"self":[{"href":"https:\/\/starlight-princess.top\/tr\/wp-json\/wp\/v2\/pages\/332","targetHints":{"allow":["GET"]}}],"collection":[{"href":"https:\/\/starlight-princess.top\/tr\/wp-json\/wp\/v2\/pages"}],"about":[{"href":"https:\/\/starlight-princess.top\/tr\/wp-json\/wp\/v2\/types\/page"}],"author":[{"embeddable":true,"href":"https:\/\/starlight-princess.top\/tr\/wp-json\/wp\/v2\/users\/1"}],"replies":[{"embeddable":true,"href":"https:\/\/starlight-princess.top\/tr\/wp-json\/wp\/v2\/comments?post=332"}],"version-history":[{"count":12,"href":"https:\/\/starlight-princess.top\/tr\/wp-json\/wp\/v2\/pages\/332\/revisions"}],"predecessor-version":[{"id":389,"href":"https:\/\/starlight-princess.top\/tr\/wp-json\/wp\/v2\/pages\/332\/revisions\/389"}],"wp:attachment":[{"href":"https:\/\/starlight-princess.top\/tr\/wp-json\/wp\/v2\/media?parent=332"}],"curies":[{"name":"wp","href":"https:\/\/api.w.org\/{rel}","templated":true}]}}